{"id":4771,"date":"2026-03-03T13:33:28","date_gmt":"2026-03-03T12:33:28","guid":{"rendered":"https:\/\/nzozrodzina.pl\/?page_id=4771"},"modified":"2026-03-03T13:33:53","modified_gmt":"2026-03-03T12:33:53","slug":"alergolog","status":"publish","type":"page","link":"https:\/\/nzozrodzina.pl\/alergolog\/","title":{"rendered":"Oferta pracy &#8211; ALERGOLOG"},"content":{"rendered":"<section class=\"hero relative\">\n            <div class=\"bg-no-repeat bg-center bg-cover py-40 lg:py-80 before:absolute before:inset-0 before:content-[''] before:bg-gradient-to-r before:from-black\/80 before:to-black\/0 relative overflow-hidden\" style=\"background-image: url('https:\/\/nzozrodzina.pl\/wp-content\/uploads\/2026\/03\/skorne-testy-alergiczne-u-dzieci.jpg');\">\n    <div class=\"container relative z-10\">\n                    <p class=\"text-white\/60 mb-12 text-\">Poszukujemy ALERGOLOGA do pracy w naszej plac\u00f3wce w Mogilnie. <\/p>\n        \n                    \n    <h2 class=\"  text-white font-bold lg:max-w-[50%]\">\n\n            Do\u0142\u0105cz do naszego zespo\u0142u!\n\n    <\/h2>\n\n        \n                                <\/div>\n<\/div>\n    <\/section>\n\n\n<section class=\"text-in-rows py-48 lg:py-96 border-t border-section-border\" id=\"\">\n    <div class=\"container \">\n        <div class=\"space-y-32 lg:space-y-48\">\n\n            <div>\n                                    <span class=\"label blue\"><\/span>\n                \n                                    \n    <h2 class=\"  \">\n\n            Poszukujemy alergologa do naszego zespo\u0142u!\n\n    <\/h2>\n\n                            <\/div>\n\n                            <div class=\"text-in-rows__bigger text-neutral-700\"><div class=\"relative basis-auto flex-col -mb-(--composer-overlap-px) [--composer-overlap-px:55px] grow flex\">\n<div class=\"flex flex-col text-sm pb-25\">\n<article class=\"text-token-text-primary w-full focus:outline-none [--shadow-height:45px] has-data-writing-block:pointer-events-none has-data-writing-block:-mt-(--shadow-height) has-data-writing-block:pt-(--shadow-height) [&amp;:has([data-writing-block])&gt;*]:pointer-events-auto [content-visibility:auto] supports-[content-visibility:auto]:[contain-intrinsic-size:auto_100lvh] scroll-mt-[calc(var(--header-height)+min(200px,max(70px,20svh)))]\" dir=\"auto\" tabindex=\"-1\" data-turn-id=\"request-WEB:687bb4ff-1a9c-4a5e-bb43-deb177788181-0\" data-testid=\"conversation-turn-2\" data-scroll-anchor=\"true\" data-turn=\"assistant\">\n<div class=\"text-base my-auto mx-auto pb-10 [--thread-content-margin:--spacing(4)] @w-sm\/main:[--thread-content-margin:--spacing(6)] @w-lg\/main:[--thread-content-margin:--spacing(16)] px-(--thread-content-margin)\">\n<div class=\"[--thread-content-max-width:40rem] @w-lg\/main:[--thread-content-max-width:48rem] mx-auto max-w-(--thread-content-max-width) flex-1 group\/turn-messages focus-visible:outline-hidden relative flex w-full min-w-0 flex-col agent-turn\" tabindex=\"-1\">\n<div class=\"flex max-w-full flex-col grow\">\n<div class=\"min-h-8 text-message relative flex w-full flex-col items-end gap-2 text-start break-words whitespace-normal [.text-message+&amp;]:mt-1\" dir=\"auto\" data-message-author-role=\"assistant\" data-message-id=\"5d22f33b-e7b6-4776-8201-98f9a672ece1\" data-message-model-slug=\"gpt-5-2\">\n<div class=\"flex w-full flex-col gap-1 empty:hidden first:pt-[1px]\">\n<div class=\"markdown prose dark:prose-invert w-full break-words light markdown-new-styling\">\n<p data-start=\"246\" data-end=\"293\"><strong data-start=\"249\" data-end=\"288\">Poszukujemy lekarza alergologa \u2013 NFZ<\/strong> <img decoding=\"async\" class=\"emoji\" role=\"img\" draggable=\"false\" src=\"https:\/\/s.w.org\/images\/core\/emoji\/17.0.2\/svg\/1f514.svg\" alt=\"\ud83d\udd14\" \/><\/p>\n<p data-start=\"295\" data-end=\"419\">Do\u00a0naszej przychodni w\u00a0<strong data-start=\"318\" data-end=\"330\">Mogilnie<\/strong> poszukujemy <strong data-start=\"343\" data-end=\"364\">lekarza alergologa<\/strong>, kt\u00f3ry\u00a0chcia\u0142by przyjmowa\u0107 pacjent\u00f3w w\u00a0ramach <strong data-start=\"411\" data-end=\"418\">NFZ<\/strong>.<\/p>\n<p data-start=\"421\" data-end=\"591\"><strong data-start=\"421\" data-end=\"435\">Oferujemy:<\/strong><br \/>\n<img decoding=\"async\" class=\"emoji\" role=\"img\" draggable=\"false\" src=\"https:\/\/s.w.org\/images\/core\/emoji\/17.0.2\/svg\/2714.svg\" alt=\"\u2714\ufe0f\" \/> elastyczne godziny pracy<br data-start=\"463\" data-end=\"466\" \/><img decoding=\"async\" class=\"emoji\" role=\"img\" draggable=\"false\" src=\"https:\/\/s.w.org\/images\/core\/emoji\/17.0.2\/svg\/2714.svg\" alt=\"\u2714\ufe0f\" \/> wsp\u00f3\u0142prac\u0119 w\u00a0przyjaznym i\u00a0zgranym zespole<br data-start=\"510\" data-end=\"513\" \/><img decoding=\"async\" class=\"emoji\" role=\"img\" draggable=\"false\" src=\"https:\/\/s.w.org\/images\/core\/emoji\/17.0.2\/svg\/2714.svg\" alt=\"\u2714\ufe0f\" \/> wsparcie organizacyjne i\u00a0administracyjne<br data-start=\"556\" data-end=\"559\" \/><img decoding=\"async\" class=\"emoji\" role=\"img\" draggable=\"false\" src=\"https:\/\/s.w.org\/images\/core\/emoji\/17.0.2\/svg\/2714.svg\" alt=\"\u2714\ufe0f\" \/> stabilne warunki wsp\u00f3\u0142pracy<\/p>\n<p data-start=\"745\" data-end=\"776\"><img decoding=\"async\" class=\"emoji\" role=\"img\" draggable=\"false\" src=\"https:\/\/s.w.org\/images\/core\/emoji\/17.0.2\/svg\/1f4cd.svg\" alt=\"\ud83d\udccd\" \/> Miejsce pracy: <strong data-start=\"763\" data-end=\"774\">Mogilno, <\/strong>ul.\u00a0900lecia 37<\/p>\n<\/div>\n<p data-start=\"745\" data-end=\"776\">Mo\u017cliwo\u015b\u0107 prowadzenia poradni prywatnej w Inowroc\u0142awiu.<\/p>\n<div class=\"markdown prose dark:prose-invert w-full break-words light markdown-new-styling\">\n<p data-start=\"778\" data-end=\"816\"><img decoding=\"async\" class=\"emoji\" role=\"img\" draggable=\"false\" src=\"https:\/\/s.w.org\/images\/core\/emoji\/17.0.2\/svg\/1f4e9.svg\" alt=\"\ud83d\udce9\" \/> Zainteresowanych prosimy o\u00a0kontakt:<\/p>\n<ul data-start=\"817\" data-end=\"913\">\n<li data-start=\"817\" data-end=\"854\">\n<p data-start=\"819\" data-end=\"854\">telefonicznie: <strong data-start=\"834\" data-end=\"854\">728 880 576<\/strong><\/p>\n<\/li>\n<li data-start=\"855\" data-end=\"884\">\n<p data-start=\"857\" data-end=\"884\">mailowo: kadry@nzozrodzina.pl<\/p>\n<\/li>\n<\/ul>\n<\/div>\n<\/div>\n<\/div>\n<\/div>\n<\/div>\n<\/div>\n<\/article>\n<\/div>\n<\/div>\n<div id=\"thread-bottom-container\" class=\"sticky bottom-0 group\/thread-bottom-container relative isolate z-10 w-full basis-auto has-data-has-thread-error:pt-2 has-data-has-thread-error:[box-shadow:var(--sharp-edge-bottom-shadow)] md:border-transparent md:pt-0 dark:border-white\/20 md:dark:border-transparent print:hidden content-fade flex flex-col\">\n<div id=\"thread-bottom\">\n<div class=\"text-base mx-auto [--thread-content-margin:--spacing(4)] @w-sm\/main:[--thread-content-margin:--spacing(6)] @w-lg\/main:[--thread-content-margin:--spacing(16)] px-(--thread-content-margin)\">\n<div class=\"[--thread-content-max-width:40rem] @w-lg\/main:[--thread-content-max-width:48rem] mx-auto max-w-(--thread-content-max-width) flex-1 mb-4\">\n<div class=\"pointer-events-auto relative z-1 flex h-(--composer-container-height,100%) max-w-full flex-(--composer-container-flex,1) flex-col\">\n<form class=\"group\/composer w-full\" data-expanded=\"\" data-type=\"unified-composer\">\n<div class=\"\">\n<div class=\"bg-token-bg-primary corner-superellipse\/1.1 cursor-text overflow-clip bg-clip-padding p-2.5 contain-inline-size motion-safe:transition-colors motion-safe:duration-200 motion-safe:ease-in-out dark:bg-[#303030] grid grid-cols-[auto_1fr_auto] [grid-template-areas:'header_header_header'_'leading_primary_trailing'_'._footer_.'] group-data-expanded\/composer:[grid-template-areas:'header_header_header'_'primary_primary_primary'_'leading_footer_trailing'] shadow-short\" data-composer-surface=\"true\">\n<div class=\"-my-2.5 flex min-h-14 items-center overflow-x-hidden px-1.5 [grid-area:primary] group-data-expanded\/composer:mb-0 group-data-expanded\/composer:px-2.5\"><\/div>\n<\/div>\n<\/div>\n<\/form>\n<\/div>\n<\/div>\n<\/div>\n<\/div>\n<\/div>\n<\/div>\n            \n            \n                    <\/div>\n\n            <\/div>\n<\/section>\n","protected":false},"excerpt":{"rendered":"","protected":false},"author":3,"featured_media":1556,"parent":0,"menu_order":0,"comment_status":"closed","ping_status":"closed","template":"","meta":{"inline_featured_image":false,"footnotes":""},"class_list":["post-4771","page","type-page","status-publish","has-post-thumbnail","hentry"],"yoast_head":"<!-- This site is optimized with the Yoast SEO plugin v22.2 - https:\/\/yoast.com\/wordpress\/plugins\/seo\/ -->\n<title>Oferta pracy - ALERGOLOG - nzozrodzina.pl<\/title>\n<meta name=\"robots\" content=\"index, follow, max-snippet:-1, max-image-preview:large, max-video-preview:-1\" \/>\n<link rel=\"canonical\" href=\"https:\/\/nzozrodzina.pl\/alergolog\/\" \/>\n<meta property=\"og:locale\" content=\"pl_PL\" \/>\n<meta property=\"og:type\" content=\"article\" \/>\n<meta property=\"og:title\" content=\"Oferta pracy - ALERGOLOG - nzozrodzina.pl\" \/>\n<meta property=\"og:url\" content=\"https:\/\/nzozrodzina.pl\/alergolog\/\" \/>\n<meta property=\"og:site_name\" content=\"nzozrodzina.pl\" \/>\n<meta property=\"article:modified_time\" content=\"2026-03-03T12:33:53+00:00\" \/>\n<meta property=\"og:image\" content=\"https:\/\/nzozrodzina.pl\/wp-content\/uploads\/2024\/01\/image00033.jpeg\" \/>\n\t<meta property=\"og:image:width\" content=\"720\" \/>\n\t<meta property=\"og:image:height\" content=\"1080\" \/>\n\t<meta property=\"og:image:type\" content=\"image\/jpeg\" \/>\n<meta name=\"twitter:card\" content=\"summary_large_image\" \/>\n<meta name=\"twitter:label1\" content=\"Szacowany czas czytania\" \/>\n\t<meta name=\"twitter:data1\" content=\"1 minuta\" \/>\n<script type=\"application\/ld+json\" class=\"yoast-schema-graph\">{\"@context\":\"https:\/\/schema.org\",\"@graph\":[{\"@type\":\"WebPage\",\"@id\":\"https:\/\/nzozrodzina.pl\/alergolog\/\",\"url\":\"https:\/\/nzozrodzina.pl\/alergolog\/\",\"name\":\"Oferta pracy - ALERGOLOG - nzozrodzina.pl\",\"isPartOf\":{\"@id\":\"https:\/\/nzozrodzina.pl\/#website\"},\"primaryImageOfPage\":{\"@id\":\"https:\/\/nzozrodzina.pl\/alergolog\/#primaryimage\"},\"image\":{\"@id\":\"https:\/\/nzozrodzina.pl\/alergolog\/#primaryimage\"},\"thumbnailUrl\":\"https:\/\/nzozrodzina.pl\/wp-content\/uploads\/2024\/01\/image00033.jpeg\",\"datePublished\":\"2026-03-03T12:33:28+00:00\",\"dateModified\":\"2026-03-03T12:33:53+00:00\",\"breadcrumb\":{\"@id\":\"https:\/\/nzozrodzina.pl\/alergolog\/#breadcrumb\"},\"inLanguage\":\"pl-PL\",\"potentialAction\":[{\"@type\":\"ReadAction\",\"target\":[\"https:\/\/nzozrodzina.pl\/alergolog\/\"]}]},{\"@type\":\"ImageObject\",\"inLanguage\":\"pl-PL\",\"@id\":\"https:\/\/nzozrodzina.pl\/alergolog\/#primaryimage\",\"url\":\"https:\/\/nzozrodzina.pl\/wp-content\/uploads\/2024\/01\/image00033.jpeg\",\"contentUrl\":\"https:\/\/nzozrodzina.pl\/wp-content\/uploads\/2024\/01\/image00033.jpeg\",\"width\":720,\"height\":1080},{\"@type\":\"BreadcrumbList\",\"@id\":\"https:\/\/nzozrodzina.pl\/alergolog\/#breadcrumb\",\"itemListElement\":[{\"@type\":\"ListItem\",\"position\":1,\"name\":\"Strona g\u0142\u00f3wna\",\"item\":\"https:\/\/nzozrodzina.pl\/\"},{\"@type\":\"ListItem\",\"position\":2,\"name\":\"Oferta pracy &#8211; ALERGOLOG\"}]},{\"@type\":\"WebSite\",\"@id\":\"https:\/\/nzozrodzina.pl\/#website\",\"url\":\"https:\/\/nzozrodzina.pl\/\",\"name\":\"nzozrodzina.pl\",\"description\":\"\",\"potentialAction\":[{\"@type\":\"SearchAction\",\"target\":{\"@type\":\"EntryPoint\",\"urlTemplate\":\"https:\/\/nzozrodzina.pl\/?s={search_term_string}\"},\"query-input\":\"required name=search_term_string\"}],\"inLanguage\":\"pl-PL\"}]}<\/script>\n<!-- \/ Yoast SEO plugin. -->","yoast_head_json":{"title":"Oferta pracy - ALERGOLOG - nzozrodzina.pl","robots":{"index":"index","follow":"follow","max-snippet":"max-snippet:-1","max-image-preview":"max-image-preview:large","max-video-preview":"max-video-preview:-1"},"canonical":"https:\/\/nzozrodzina.pl\/alergolog\/","og_locale":"pl_PL","og_type":"article","og_title":"Oferta pracy - ALERGOLOG - nzozrodzina.pl","og_url":"https:\/\/nzozrodzina.pl\/alergolog\/","og_site_name":"nzozrodzina.pl","article_modified_time":"2026-03-03T12:33:53+00:00","og_image":[{"width":720,"height":1080,"url":"https:\/\/nzozrodzina.pl\/wp-content\/uploads\/2024\/01\/image00033.jpeg","type":"image\/jpeg"}],"twitter_card":"summary_large_image","twitter_misc":{"Szacowany czas czytania":"1 minuta"},"schema":{"@context":"https:\/\/schema.org","@graph":[{"@type":"WebPage","@id":"https:\/\/nzozrodzina.pl\/alergolog\/","url":"https:\/\/nzozrodzina.pl\/alergolog\/","name":"Oferta pracy - ALERGOLOG - nzozrodzina.pl","isPartOf":{"@id":"https:\/\/nzozrodzina.pl\/#website"},"primaryImageOfPage":{"@id":"https:\/\/nzozrodzina.pl\/alergolog\/#primaryimage"},"image":{"@id":"https:\/\/nzozrodzina.pl\/alergolog\/#primaryimage"},"thumbnailUrl":"https:\/\/nzozrodzina.pl\/wp-content\/uploads\/2024\/01\/image00033.jpeg","datePublished":"2026-03-03T12:33:28+00:00","dateModified":"2026-03-03T12:33:53+00:00","breadcrumb":{"@id":"https:\/\/nzozrodzina.pl\/alergolog\/#breadcrumb"},"inLanguage":"pl-PL","potentialAction":[{"@type":"ReadAction","target":["https:\/\/nzozrodzina.pl\/alergolog\/"]}]},{"@type":"ImageObject","inLanguage":"pl-PL","@id":"https:\/\/nzozrodzina.pl\/alergolog\/#primaryimage","url":"https:\/\/nzozrodzina.pl\/wp-content\/uploads\/2024\/01\/image00033.jpeg","contentUrl":"https:\/\/nzozrodzina.pl\/wp-content\/uploads\/2024\/01\/image00033.jpeg","width":720,"height":1080},{"@type":"BreadcrumbList","@id":"https:\/\/nzozrodzina.pl\/alergolog\/#breadcrumb","itemListElement":[{"@type":"ListItem","position":1,"name":"Strona g\u0142\u00f3wna","item":"https:\/\/nzozrodzina.pl\/"},{"@type":"ListItem","position":2,"name":"Oferta pracy &#8211; ALERGOLOG"}]},{"@type":"WebSite","@id":"https:\/\/nzozrodzina.pl\/#website","url":"https:\/\/nzozrodzina.pl\/","name":"nzozrodzina.pl","description":"","potentialAction":[{"@type":"SearchAction","target":{"@type":"EntryPoint","urlTemplate":"https:\/\/nzozrodzina.pl\/?s={search_term_string}"},"query-input":"required name=search_term_string"}],"inLanguage":"pl-PL"}]}},"acf":[],"gutenberg_blocks":[{"blockName":"custom-styles","attrs":{"styles":""}},{"blockName":"acf\/hero-section","attrs":{"name":"acf\/hero-section","data":{"hero_variant":"subpages","_hero_variant":"field_6578763f7ce8a","hero_bg_image":4772,"_hero_bg_image":"field_6578767b7ce8b","hero_label":"Poszukujemy ALERGOLOGA do pracy w naszej plac\u00f3wce w Mogilnie. ","_hero_label":"field_657876e27ce8e","hero_heading_heading_text":"Do\u0142\u0105cz do naszego zespo\u0142u!","_hero_heading_heading_text":"field_638627ccced84","hero_heading_heading_level":"h2","_hero_heading_heading_level":"field_638627e7ced85","hero_heading_heading_variant":"default","_hero_heading_heading_variant":"field_63862847ced86","hero_heading_extra_classes":"","_hero_heading_extra_classes":"field_638628eeced88","hero_heading":"","_hero_heading":"field_6578768a7ce8c","hero_button_title":"","_hero_button_title":"field_61d40397c2f0a","hero_button_button_type":"link","_hero_button_button_type":"field_63bbde3b8f0d0","hero_button_url":"","_hero_button_url":"field_61d4039bc2f0b","hero_button_button_style":"primary","_hero_button_button_style":"field_63872d045d0f0","hero_button_target":"_self","_hero_button_target":"field_63872c705d0ef","hero_button_button_extra_classes":"","_hero_button_button_extra_classes":"field_642beab6a97de","hero_button":"","_hero_button":"field_657876af7ce8d","hero_extra_padding":"0","_hero_extra_padding":"field_657881853d995"},"mode":"edit"},"innerBlocks":[],"innerHTML":"","innerContent":[]},{"blockName":"acf\/text-in-rows","attrs":{"name":"acf\/text-in-rows","data":{"tir_label_label_content":"","_tir_label_label_content":"field_6576efc8b8a6b","tir_label_label_color":"blue","_tir_label_label_color":"field_6576efddb8a6d","tir_label":"","_tir_label":"field_659685a7a45b4","tir_heading_heading_text":"Poszukujemy alergologa do naszego zespo\u0142u!","_tir_heading_heading_text":"field_638627ccced84","tir_heading_heading_level":"h2","_tir_heading_heading_level":"field_638627e7ced85","tir_heading_heading_variant":"default","_tir_heading_heading_variant":"field_63862847ced86","tir_heading_extra_classes":"","_tir_heading_extra_classes":"field_638628eeced88","tir_heading":"","_tir_heading":"field_6582f2a838040","tir_bigger_text":"<div class=\"relative basis-auto flex-col -mb-(--composer-overlap-px) [--composer-overlap-px:55px] grow flex\">\r\n<div class=\"flex flex-col text-sm pb-25\">\r\n<article class=\"text-token-text-primary w-full focus:outline-none [--shadow-height:45px] has-data-writing-block:pointer-events-none has-data-writing-block:-mt-(--shadow-height) has-data-writing-block:pt-(--shadow-height) [&amp;:has([data-writing-block])&gt;*]:pointer-events-auto [content-visibility:auto] supports-[content-visibility:auto]:[contain-intrinsic-size:auto_100lvh] scroll-mt-[calc(var(--header-height)+min(200px,max(70px,20svh)))]\" dir=\"auto\" tabindex=\"-1\" data-turn-id=\"request-WEB:687bb4ff-1a9c-4a5e-bb43-deb177788181-0\" data-testid=\"conversation-turn-2\" data-scroll-anchor=\"true\" data-turn=\"assistant\">\r\n<div class=\"text-base my-auto mx-auto pb-10 [--thread-content-margin:--spacing(4)] @w-sm\/main:[--thread-content-margin:--spacing(6)] @w-lg\/main:[--thread-content-margin:--spacing(16)] px-(--thread-content-margin)\">\r\n<div class=\"[--thread-content-max-width:40rem] @w-lg\/main:[--thread-content-max-width:48rem] mx-auto max-w-(--thread-content-max-width) flex-1 group\/turn-messages focus-visible:outline-hidden relative flex w-full min-w-0 flex-col agent-turn\" tabindex=\"-1\">\r\n<div class=\"flex max-w-full flex-col grow\">\r\n<div class=\"min-h-8 text-message relative flex w-full flex-col items-end gap-2 text-start break-words whitespace-normal [.text-message+&amp;]:mt-1\" dir=\"auto\" data-message-author-role=\"assistant\" data-message-id=\"5d22f33b-e7b6-4776-8201-98f9a672ece1\" data-message-model-slug=\"gpt-5-2\">\r\n<div class=\"flex w-full flex-col gap-1 empty:hidden first:pt-[1px]\">\r\n<div class=\"markdown prose dark:prose-invert w-full break-words light markdown-new-styling\">\r\n<p data-start=\"246\" data-end=\"293\"><strong data-start=\"249\" data-end=\"288\">Poszukujemy lekarza alergologa \u2013 NFZ<\/strong> <img class=\"emoji\" role=\"img\" draggable=\"false\" src=\"https:\/\/s.w.org\/images\/core\/emoji\/17.0.2\/svg\/1f514.svg\" alt=\"\ud83d\udd14\" \/><\/p>\r\n<p data-start=\"295\" data-end=\"419\">Do\u00a0naszej przychodni w\u00a0<strong data-start=\"318\" data-end=\"330\">Mogilnie<\/strong> poszukujemy <strong data-start=\"343\" data-end=\"364\">lekarza alergologa<\/strong>, kt\u00f3ry\u00a0chcia\u0142by przyjmowa\u0107 pacjent\u00f3w w\u00a0ramach <strong data-start=\"411\" data-end=\"418\">NFZ<\/strong>.<\/p>\r\n<p data-start=\"421\" data-end=\"591\"><strong data-start=\"421\" data-end=\"435\">Oferujemy:<\/strong>\r\n<img class=\"emoji\" role=\"img\" draggable=\"false\" src=\"https:\/\/s.w.org\/images\/core\/emoji\/17.0.2\/svg\/2714.svg\" alt=\"\u2714\ufe0f\" \/> elastyczne godziny pracy<br data-start=\"463\" data-end=\"466\" \/><img class=\"emoji\" role=\"img\" draggable=\"false\" src=\"https:\/\/s.w.org\/images\/core\/emoji\/17.0.2\/svg\/2714.svg\" alt=\"\u2714\ufe0f\" \/> wsp\u00f3\u0142prac\u0119 w\u00a0przyjaznym i\u00a0zgranym zespole<br data-start=\"510\" data-end=\"513\" \/><img class=\"emoji\" role=\"img\" draggable=\"false\" src=\"https:\/\/s.w.org\/images\/core\/emoji\/17.0.2\/svg\/2714.svg\" alt=\"\u2714\ufe0f\" \/> wsparcie organizacyjne i\u00a0administracyjne<br data-start=\"556\" data-end=\"559\" \/><img class=\"emoji\" role=\"img\" draggable=\"false\" src=\"https:\/\/s.w.org\/images\/core\/emoji\/17.0.2\/svg\/2714.svg\" alt=\"\u2714\ufe0f\" \/> stabilne warunki wsp\u00f3\u0142pracy<\/p>\r\n<p data-start=\"745\" data-end=\"776\"><img class=\"emoji\" role=\"img\" draggable=\"false\" src=\"https:\/\/s.w.org\/images\/core\/emoji\/17.0.2\/svg\/1f4cd.svg\" alt=\"\ud83d\udccd\" \/> Miejsce pracy: <strong data-start=\"763\" data-end=\"774\">Mogilno, <\/strong>ul.\u00a0900lecia 37<\/p>\r\n\r\n<\/div>\r\n<p data-start=\"745\" data-end=\"776\">Mo\u017cliwo\u015b\u0107 prowadzenia poradni prywatnej w Inowroc\u0142awiu.<\/p>\r\n\r\n<div class=\"markdown prose dark:prose-invert w-full break-words light markdown-new-styling\">\r\n<p data-start=\"778\" data-end=\"816\"><img class=\"emoji\" role=\"img\" draggable=\"false\" src=\"https:\/\/s.w.org\/images\/core\/emoji\/17.0.2\/svg\/1f4e9.svg\" alt=\"\ud83d\udce9\" \/> Zainteresowanych prosimy o\u00a0kontakt:<\/p>\r\n\r\n<ul data-start=\"817\" data-end=\"913\">\r\n \t<li data-start=\"817\" data-end=\"854\">\r\n<p data-start=\"819\" data-end=\"854\">telefonicznie: <strong data-start=\"834\" data-end=\"854\">728 880 576<\/strong><\/p>\r\n<\/li>\r\n \t<li data-start=\"855\" data-end=\"884\">\r\n<p data-start=\"857\" data-end=\"884\">mailowo: kadry@nzozrodzina.pl<\/p>\r\n<\/li>\r\n<\/ul>\r\n<\/div>\r\n<\/div>\r\n<\/div>\r\n<\/div>\r\n<\/div>\r\n<\/div>\r\n<\/article><\/div>\r\n<\/div>\r\n<div id=\"thread-bottom-container\" class=\"sticky bottom-0 group\/thread-bottom-container relative isolate z-10 w-full basis-auto has-data-has-thread-error:pt-2 has-data-has-thread-error:[box-shadow:var(--sharp-edge-bottom-shadow)] md:border-transparent md:pt-0 dark:border-white\/20 md:dark:border-transparent print:hidden content-fade flex flex-col\">\r\n<div id=\"thread-bottom\">\r\n<div class=\"text-base mx-auto [--thread-content-margin:--spacing(4)] @w-sm\/main:[--thread-content-margin:--spacing(6)] @w-lg\/main:[--thread-content-margin:--spacing(16)] px-(--thread-content-margin)\">\r\n<div class=\"[--thread-content-max-width:40rem] @w-lg\/main:[--thread-content-max-width:48rem] mx-auto max-w-(--thread-content-max-width) flex-1 mb-4\">\r\n<div class=\"pointer-events-auto relative z-1 flex h-(--composer-container-height,100%) max-w-full flex-(--composer-container-flex,1) flex-col\"><form class=\"group\/composer w-full\" data-expanded=\"\" data-type=\"unified-composer\">\r\n<div class=\"\">\r\n<div class=\"bg-token-bg-primary corner-superellipse\/1.1 cursor-text overflow-clip bg-clip-padding p-2.5 contain-inline-size motion-safe:transition-colors motion-safe:duration-200 motion-safe:ease-in-out dark:bg-[#303030] grid grid-cols-[auto_1fr_auto] [grid-template-areas:'header_header_header'_'leading_primary_trailing'_'._footer_.'] group-data-expanded\/composer:[grid-template-areas:'header_header_header'_'primary_primary_primary'_'leading_footer_trailing'] shadow-short\" data-composer-surface=\"true\">\r\n<div class=\"-my-2.5 flex min-h-14 items-center overflow-x-hidden px-1.5 [grid-area:primary] group-data-expanded\/composer:mb-0 group-data-expanded\/composer:px-2.5\"><\/div>\r\n<\/div>\r\n<\/div>\r\n<\/form><\/div>\r\n<\/div>\r\n<\/div>\r\n<\/div>\r\n<\/div>","_tir_bigger_text":"field_6582f2c138041","tir_smaller_text":"","_tir_smaller_text":"field_6582f2ea38043","tir_add_member":"0","_tir_add_member":"field_65940e9415c2b","tir_add_image":"0","_tir_add_image":"field_65941fe386af4","tir_section_id":"","_tir_section_id":"field_6582f4ae94f96"},"mode":"edit"},"innerBlocks":[],"innerHTML":"","innerContent":[]}],"meta_data":{"container":""},"_links":{"self":[{"href":"https:\/\/nzozrodzina.pl\/index.php\/wp-json\/wp\/v2\/pages\/4771","targetHints":{"allow":["GET"]}}],"collection":[{"href":"https:\/\/nzozrodzina.pl\/index.php\/wp-json\/wp\/v2\/pages"}],"about":[{"href":"https:\/\/nzozrodzina.pl\/index.php\/wp-json\/wp\/v2\/types\/page"}],"author":[{"embeddable":true,"href":"https:\/\/nzozrodzina.pl\/index.php\/wp-json\/wp\/v2\/users\/3"}],"replies":[{"embeddable":true,"href":"https:\/\/nzozrodzina.pl\/index.php\/wp-json\/wp\/v2\/comments?post=4771"}],"version-history":[{"count":4,"href":"https:\/\/nzozrodzina.pl\/index.php\/wp-json\/wp\/v2\/pages\/4771\/revisions"}],"predecessor-version":[{"id":4776,"href":"https:\/\/nzozrodzina.pl\/index.php\/wp-json\/wp\/v2\/pages\/4771\/revisions\/4776"}],"wp:featuredmedia":[{"embeddable":true,"href":"https:\/\/nzozrodzina.pl\/index.php\/wp-json\/wp\/v2\/media\/1556"}],"wp:attachment":[{"href":"https:\/\/nzozrodzina.pl\/index.php\/wp-json\/wp\/v2\/media?parent=4771"}],"curies":[{"name":"wp","href":"https:\/\/api.w.org\/{rel}","templated":true}]}}