{"id":1648,"date":"2024-01-30T12:17:16","date_gmt":"2024-01-30T11:17:16","guid":{"rendered":"https:\/\/nzozrodzina.empressia.dev\/?page_id=1648"},"modified":"2025-12-17T08:42:41","modified_gmt":"2025-12-17T07:42:41","slug":"ginekolog-inowroclaw","status":"publish","type":"page","link":"https:\/\/nzozrodzina.pl\/poradnie\/poradnie-prywatne\/ginekolog-inowroclaw\/","title":{"rendered":"Ginekologia"},"content":{"rendered":"\n    <h1 class=\"  \">\n\n            Ginekologia\n\n    <\/h1>\n\n\n\n\n<div style=\"height:32px\" aria-hidden=\"true\" class=\"wp-block-spacer eplus-wrapper\"><\/div>\n\n\n\n<p class=\"eplus-wrapper\">Nasza poradnia ginekologiczna oferuje profilaktyk\u0119 oraz kompleksow\u0105 diagnostyk\u0119 i leczenie chor\u00f3b kobiecych. Wykonujemy r\u00f3wnie\u017c zabiegii operacyjne.<\/p>\n\n\n\n    <section class=\"team-members-list py-36 lg:py-64 mt-36 lg:mt-64 border-t border-section-border\">\n        <div class=\"container\">\n                            <span class=\"label blue\">Nasi specjali\u015bci<\/span>\n            \n                            \n    <h2 class=\"h3  \">\n\n            Lekarze\n\n    <\/h2>\n\n            \n            <div class=\"mt-36 lg:mt-64 space-y-32\">\n                                    <div class=\"flex flex-col md:flex-row gap-16 lg:gap-32 md:items-center\" data-aos=\"fade-up\">\n                        <figure class=\"h-120 w-120 lg:h-240 lg:w-240 rounded-10 bg-neutral shrink-0 overflow-hidden\">\n                                                                                            <img decoding=\"async\" src=\"https:\/\/nzozrodzina.pl\/wp-content\/uploads\/2024\/01\/michal-augustyniak-zdjecie.jpg\" alt=\"Micha\u0142 Augustyniak\" loading=\"lazy\" class=\"w-full h-full object-cover\" \/>\n                                                    <\/figure>\n                        <div>\n                            <span class=\"label blue medium\">lek. med.<\/span>\n                            <h4>Micha\u0142 Augustyniak<\/h4>\n                                                            <p class=\"text-text-600 font-medium mt-16 lg:mt-32\">Absolwent Wydzia\u0142u Lekarskiego Uniwersytetu Miko\u0142aja Kopernika w Toruniu. Tytu\u0142 specjalisty w dziedzinie po\u0142o\u017cnictwa i ginekologii uzyska\u0142 w 2017 roku, od tego czasu systematycznie poszerza swoj\u0105 specjalistyczn\u0105 wiedz\u0119 aby oferowa\u0107 pacjentom \u015bwiadczenia na jak najwy\u017cszym poziomie.<\/p>\n                                                    <\/div>\n                    <\/div>\n                                    <div class=\"flex flex-col md:flex-row gap-16 lg:gap-32 md:items-center\" data-aos=\"fade-up\">\n                        <figure class=\"h-120 w-120 lg:h-240 lg:w-240 rounded-10 bg-neutral shrink-0 overflow-hidden\">\n                                                                                            <img decoding=\"async\" src=\"https:\/\/nzozrodzina.pl\/wp-content\/uploads\/2024\/02\/001_1-1-1024x1024-1.jpg\" alt=\"Monika Niewiadomska\" loading=\"lazy\" class=\"w-full h-full object-cover\" \/>\n                                                    <\/figure>\n                        <div>\n                            <span class=\"label blue medium\">lek. med.<\/span>\n                            <h4>Monika Niewiadomska<\/h4>\n                                                    <\/div>\n                    <\/div>\n                            <\/div>\n        <\/div>\n    <\/section>\n\n\n\n<section class=\"pricing-list border-t border-section-border py-48 lg:py-96\" id=\"\">\n    <div class=\"container\">\n                    \n    <h3 class=\"  \">\n\n            Cennik\n\n    <\/h3>\n\n        \n                    <span class=\"label blue\">Us\u0142ug medycznych NZOZ Rodzina sp. z o. o.<\/span>\n        \n        <div class=\"mt-32 lg:mt-48\">\n                            <div class=\"mt-32 lg:mt-48 first-of-type:mt-0\">\n    <div class=\"space-y-48\">\n                    <div>\n                <div class=\"flex items-center justify-between mb-24 text-main\">\n                    <span>Procedura<\/span>\n                    <span class=\"hidden md:inline\">Cena<\/span>\n                <\/div>\n                <ul>\n                                            <li class=\"flex flex-col md:flex-row md:justify-between md:items-center gap-10 mb-24 pb-24 border-b border-section-border\">\n                            <div>\n                                                                    <p class=\"font-medium text-text-600 md:text-20\">Wizyta<\/p>\n                                                                                            <\/div>\n                            <div class=\"flex items-baseline gap-4\">\n                                                                                                                                                                    <p class=\"text-text-900 md:text-20\">250,00 z\u0142<\/p>\n                                                            <\/div>\n                        <\/li>\n                                            <li class=\"flex flex-col md:flex-row md:justify-between md:items-center gap-10 mb-24 pb-24 border-b border-section-border\">\n                            <div>\n                                                                    <p class=\"font-medium text-text-600 md:text-20\">Wizyta + USG<\/p>\n                                                                                            <\/div>\n                            <div class=\"flex items-baseline gap-4\">\n                                                                                                                                                                    <p class=\"text-text-900 md:text-20\">300,00 z\u0142<\/p>\n                                                            <\/div>\n                        <\/li>\n                                    <\/ul>\n            <\/div>\n            <\/div>\n\n    <p class=\"lg:pt-24\">Cennik nie stanowi oferty handlowej wg. Art. 66 par. 1 Kodeksu Cywilnego i jest publikowany wy\u0142\u0105cznie w celach informacyjnych. Podane ceny mog\u0105 ulec zmianie. Zastrzegamy sobie prawo do zmian.<\/p>\n<\/div>\n                    <\/div>\n    <\/div>\n<\/section>\n","protected":false},"excerpt":{"rendered":"<p>Nasza poradnia ginekologiczna oferuje profilaktyk\u0119 oraz kompleksow\u0105 diagnostyk\u0119 i leczenie chor\u00f3b kobiecych. Wykonujemy r\u00f3wnie\u017c zabiegii operacyjne.<\/p>\n","protected":false},"author":1,"featured_media":1556,"parent":619,"menu_order":0,"comment_status":"closed","ping_status":"closed","template":"page-templates\/private-clinics.php","meta":{"inline_featured_image":false,"footnotes":""},"class_list":["post-1648","page","type-page","status-publish","has-post-thumbnail","hentry"],"yoast_head":"<!-- This site is optimized with the Yoast SEO plugin v22.2 - https:\/\/yoast.com\/wordpress\/plugins\/seo\/ -->\n<title>Ginekologia - nzozrodzina.pl<\/title>\n<meta name=\"description\" content=\"Gabinet ginekologiczny w NZOZ Rodzina w Inowroc\u0142awiu. Kompleksowa opieka w jednym miejscu. Ginekolog Inowroc\u0142aw.\" \/>\n<meta name=\"robots\" content=\"index, follow, max-snippet:-1, max-image-preview:large, max-video-preview:-1\" \/>\n<link rel=\"canonical\" href=\"https:\/\/nzozrodzina.pl\/poradnie\/poradnie-prywatne\/ginekolog-inowroclaw\/\" \/>\n<meta property=\"og:locale\" content=\"pl_PL\" \/>\n<meta property=\"og:type\" content=\"article\" \/>\n<meta property=\"og:title\" content=\"Ginekologia - nzozrodzina.pl\" \/>\n<meta property=\"og:description\" content=\"Gabinet ginekologiczny w NZOZ Rodzina w Inowroc\u0142awiu. Kompleksowa opieka w jednym miejscu. Ginekolog Inowroc\u0142aw.\" \/>\n<meta property=\"og:url\" content=\"https:\/\/nzozrodzina.pl\/poradnie\/poradnie-prywatne\/ginekolog-inowroclaw\/\" \/>\n<meta property=\"og:site_name\" content=\"nzozrodzina.pl\" \/>\n<meta property=\"article:modified_time\" content=\"2025-12-17T07:42:41+00:00\" \/>\n<meta property=\"og:image\" content=\"https:\/\/nzozrodzina.pl\/wp-content\/uploads\/2024\/01\/image00033.jpeg\" \/>\n\t<meta property=\"og:image:width\" content=\"720\" \/>\n\t<meta property=\"og:image:height\" content=\"1080\" \/>\n\t<meta property=\"og:image:type\" content=\"image\/jpeg\" \/>\n<meta name=\"twitter:card\" content=\"summary_large_image\" \/>\n<meta name=\"twitter:label1\" content=\"Szacowany czas czytania\" \/>\n\t<meta name=\"twitter:data1\" content=\"1 minuta\" \/>\n<script type=\"application\/ld+json\" class=\"yoast-schema-graph\">{\"@context\":\"https:\/\/schema.org\",\"@graph\":[{\"@type\":\"WebPage\",\"@id\":\"https:\/\/nzozrodzina.pl\/poradnie\/poradnie-prywatne\/ginekolog-inowroclaw\/\",\"url\":\"https:\/\/nzozrodzina.pl\/poradnie\/poradnie-prywatne\/ginekolog-inowroclaw\/\",\"name\":\"Ginekologia - nzozrodzina.pl\",\"isPartOf\":{\"@id\":\"https:\/\/nzozrodzina.pl\/#website\"},\"primaryImageOfPage\":{\"@id\":\"https:\/\/nzozrodzina.pl\/poradnie\/poradnie-prywatne\/ginekolog-inowroclaw\/#primaryimage\"},\"image\":{\"@id\":\"https:\/\/nzozrodzina.pl\/poradnie\/poradnie-prywatne\/ginekolog-inowroclaw\/#primaryimage\"},\"thumbnailUrl\":\"https:\/\/nzozrodzina.pl\/wp-content\/uploads\/2024\/01\/image00033.jpeg\",\"datePublished\":\"2024-01-30T11:17:16+00:00\",\"dateModified\":\"2025-12-17T07:42:41+00:00\",\"description\":\"Gabinet ginekologiczny w NZOZ Rodzina w Inowroc\u0142awiu. Kompleksowa opieka w jednym miejscu. Ginekolog Inowroc\u0142aw.\",\"breadcrumb\":{\"@id\":\"https:\/\/nzozrodzina.pl\/poradnie\/poradnie-prywatne\/ginekolog-inowroclaw\/#breadcrumb\"},\"inLanguage\":\"pl-PL\",\"potentialAction\":[{\"@type\":\"ReadAction\",\"target\":[\"https:\/\/nzozrodzina.pl\/poradnie\/poradnie-prywatne\/ginekolog-inowroclaw\/\"]}]},{\"@type\":\"ImageObject\",\"inLanguage\":\"pl-PL\",\"@id\":\"https:\/\/nzozrodzina.pl\/poradnie\/poradnie-prywatne\/ginekolog-inowroclaw\/#primaryimage\",\"url\":\"https:\/\/nzozrodzina.pl\/wp-content\/uploads\/2024\/01\/image00033.jpeg\",\"contentUrl\":\"https:\/\/nzozrodzina.pl\/wp-content\/uploads\/2024\/01\/image00033.jpeg\",\"width\":720,\"height\":1080},{\"@type\":\"BreadcrumbList\",\"@id\":\"https:\/\/nzozrodzina.pl\/poradnie\/poradnie-prywatne\/ginekolog-inowroclaw\/#breadcrumb\",\"itemListElement\":[{\"@type\":\"ListItem\",\"position\":1,\"name\":\"Strona g\u0142\u00f3wna\",\"item\":\"https:\/\/nzozrodzina.pl\/\"},{\"@type\":\"ListItem\",\"position\":2,\"name\":\"Poradnie\",\"item\":\"http:\/\/localhost\/poradnie\/\"},{\"@type\":\"ListItem\",\"position\":3,\"name\":\"Poradnie prywatne\",\"item\":\"http:\/\/localhost\/poradnie\/poradnie-prywatne\/\"},{\"@type\":\"ListItem\",\"position\":4,\"name\":\"Ginekologia\"}]},{\"@type\":\"WebSite\",\"@id\":\"https:\/\/nzozrodzina.pl\/#website\",\"url\":\"https:\/\/nzozrodzina.pl\/\",\"name\":\"nzozrodzina.pl\",\"description\":\"\",\"potentialAction\":[{\"@type\":\"SearchAction\",\"target\":{\"@type\":\"EntryPoint\",\"urlTemplate\":\"https:\/\/nzozrodzina.pl\/?s={search_term_string}\"},\"query-input\":\"required name=search_term_string\"}],\"inLanguage\":\"pl-PL\"}]}<\/script>\n<!-- \/ Yoast SEO plugin. -->","yoast_head_json":{"title":"Ginekologia - nzozrodzina.pl","description":"Gabinet ginekologiczny w NZOZ Rodzina w Inowroc\u0142awiu. Kompleksowa opieka w jednym miejscu. Ginekolog Inowroc\u0142aw.","robots":{"index":"index","follow":"follow","max-snippet":"max-snippet:-1","max-image-preview":"max-image-preview:large","max-video-preview":"max-video-preview:-1"},"canonical":"https:\/\/nzozrodzina.pl\/poradnie\/poradnie-prywatne\/ginekolog-inowroclaw\/","og_locale":"pl_PL","og_type":"article","og_title":"Ginekologia - nzozrodzina.pl","og_description":"Gabinet ginekologiczny w NZOZ Rodzina w Inowroc\u0142awiu. Kompleksowa opieka w jednym miejscu. Ginekolog Inowroc\u0142aw.","og_url":"https:\/\/nzozrodzina.pl\/poradnie\/poradnie-prywatne\/ginekolog-inowroclaw\/","og_site_name":"nzozrodzina.pl","article_modified_time":"2025-12-17T07:42:41+00:00","og_image":[{"width":720,"height":1080,"url":"https:\/\/nzozrodzina.pl\/wp-content\/uploads\/2024\/01\/image00033.jpeg","type":"image\/jpeg"}],"twitter_card":"summary_large_image","twitter_misc":{"Szacowany czas czytania":"1 minuta"},"schema":{"@context":"https:\/\/schema.org","@graph":[{"@type":"WebPage","@id":"https:\/\/nzozrodzina.pl\/poradnie\/poradnie-prywatne\/ginekolog-inowroclaw\/","url":"https:\/\/nzozrodzina.pl\/poradnie\/poradnie-prywatne\/ginekolog-inowroclaw\/","name":"Ginekologia - nzozrodzina.pl","isPartOf":{"@id":"https:\/\/nzozrodzina.pl\/#website"},"primaryImageOfPage":{"@id":"https:\/\/nzozrodzina.pl\/poradnie\/poradnie-prywatne\/ginekolog-inowroclaw\/#primaryimage"},"image":{"@id":"https:\/\/nzozrodzina.pl\/poradnie\/poradnie-prywatne\/ginekolog-inowroclaw\/#primaryimage"},"thumbnailUrl":"https:\/\/nzozrodzina.pl\/wp-content\/uploads\/2024\/01\/image00033.jpeg","datePublished":"2024-01-30T11:17:16+00:00","dateModified":"2025-12-17T07:42:41+00:00","description":"Gabinet ginekologiczny w NZOZ Rodzina w Inowroc\u0142awiu. Kompleksowa opieka w jednym miejscu. Ginekolog Inowroc\u0142aw.","breadcrumb":{"@id":"https:\/\/nzozrodzina.pl\/poradnie\/poradnie-prywatne\/ginekolog-inowroclaw\/#breadcrumb"},"inLanguage":"pl-PL","potentialAction":[{"@type":"ReadAction","target":["https:\/\/nzozrodzina.pl\/poradnie\/poradnie-prywatne\/ginekolog-inowroclaw\/"]}]},{"@type":"ImageObject","inLanguage":"pl-PL","@id":"https:\/\/nzozrodzina.pl\/poradnie\/poradnie-prywatne\/ginekolog-inowroclaw\/#primaryimage","url":"https:\/\/nzozrodzina.pl\/wp-content\/uploads\/2024\/01\/image00033.jpeg","contentUrl":"https:\/\/nzozrodzina.pl\/wp-content\/uploads\/2024\/01\/image00033.jpeg","width":720,"height":1080},{"@type":"BreadcrumbList","@id":"https:\/\/nzozrodzina.pl\/poradnie\/poradnie-prywatne\/ginekolog-inowroclaw\/#breadcrumb","itemListElement":[{"@type":"ListItem","position":1,"name":"Strona g\u0142\u00f3wna","item":"https:\/\/nzozrodzina.pl\/"},{"@type":"ListItem","position":2,"name":"Poradnie","item":"http:\/\/localhost\/poradnie\/"},{"@type":"ListItem","position":3,"name":"Poradnie prywatne","item":"http:\/\/localhost\/poradnie\/poradnie-prywatne\/"},{"@type":"ListItem","position":4,"name":"Ginekologia"}]},{"@type":"WebSite","@id":"https:\/\/nzozrodzina.pl\/#website","url":"https:\/\/nzozrodzina.pl\/","name":"nzozrodzina.pl","description":"","potentialAction":[{"@type":"SearchAction","target":{"@type":"EntryPoint","urlTemplate":"https:\/\/nzozrodzina.pl\/?s={search_term_string}"},"query-input":"required name=search_term_string"}],"inLanguage":"pl-PL"}]}},"acf":[],"gutenberg_blocks":[{"blockName":"custom-styles","attrs":{"styles":""}},{"blockName":"acf\/heading","attrs":{"name":"acf\/heading","data":{"heading_text":"Ginekologia","_heading_text":"field_638627ccced84","heading_level":"h1","_heading_level":"field_638627e7ced85","heading_variant":"default","_heading_variant":"field_63862847ced86","extra_classes":"","_extra_classes":"field_638628eeced88"},"mode":"edit"},"innerBlocks":[],"innerHTML":"","innerContent":[]},{"blockName":"core\/spacer","attrs":{"height":"32px","className":"eplus-wrapper"},"innerBlocks":[],"innerHTML":"\n<div style=\"height:32px\" aria-hidden=\"true\" class=\"wp-block-spacer eplus-wrapper\"><\/div>\n","innerContent":["\n<div style=\"height:32px\" aria-hidden=\"true\" class=\"wp-block-spacer eplus-wrapper\"><\/div>\n"]},{"blockName":"core\/paragraph","attrs":{"className":"eplus-wrapper"},"innerBlocks":[],"innerHTML":"\n<p class=\"eplus-wrapper\">Nasza poradnia ginekologiczna oferuje profilaktyk\u0119 oraz kompleksow\u0105 diagnostyk\u0119 i leczenie chor\u00f3b kobiecych. Wykonujemy r\u00f3wnie\u017c zabiegii operacyjne.<\/p>\n","innerContent":["\n<p class=\"eplus-wrapper\">Nasza poradnia ginekologiczna oferuje profilaktyk\u0119 oraz kompleksow\u0105 diagnostyk\u0119 i leczenie chor\u00f3b kobiecych. Wykonujemy r\u00f3wnie\u017c zabiegii operacyjne.<\/p>\n"]},{"blockName":"acf\/team-members-list","attrs":{"name":"acf\/team-members-list","data":{"tml_label_label_content":"Nasi specjali\u015bci","_tml_label_label_content":"field_6576efc8b8a6b","tml_label_label_color":"blue","_tml_label_label_color":"field_6576efddb8a6d","tml_label":"","_tml_label":"field_6593c643c4d1c","tml_heading_heading_text":"Lekarze","_tml_heading_heading_text":"field_638627ccced84","tml_heading_heading_level":"h2","_tml_heading_heading_level":"field_638627e7ced85","tml_heading_heading_variant":"h3","_tml_heading_heading_variant":"field_63862847ced86","tml_heading_extra_classes":"","_tml_heading_extra_classes":"field_638628eeced88","tml_heading":"","_tml_heading":"field_6593c643c4d57","tml_selected_members":["1587","4428"],"_tml_selected_members":"field_6593c643c4dcd"},"mode":"edit"},"innerBlocks":[],"innerHTML":"","innerContent":[]},{"blockName":"acf\/pricing-list","attrs":{"name":"acf\/pricing-list","data":{"pl_heading_heading_text":"Cennik","_pl_heading_heading_text":"field_638627ccced84","pl_heading_heading_level":"h3","_pl_heading_heading_level":"field_638627e7ced85","pl_heading_heading_variant":"default","_pl_heading_heading_variant":"field_63862847ced86","pl_heading_extra_classes":"","_pl_heading_extra_classes":"field_638628eeced88","pl_heading":"","_pl_heading":"field_65841e23635f2","pl_label_label_content":"Us\u0142ug medycznych NZOZ Rodzina sp. z o. o.","_pl_label_label_content":"field_6576efc8b8a6b","pl_label_label_color":"blue","_pl_label_label_color":"field_6576efddb8a6d","pl_label":"","_pl_label":"field_65841e51635f3","pl_sections_0_name":"Procedura","_pl_sections_0_name":"field_65841ee2045d6","pl_sections_0_items_0_heading":"Wizyta","_pl_sections_0_items_0_heading":"field_65841f13045d8","pl_sections_0_items_0_subheading":"","_pl_sections_0_items_0_subheading":"field_65841f1d045d9","pl_sections_0_items_0_price_from":"","_pl_sections_0_items_0_price_from":"field_65841f27045da","pl_sections_0_items_0_price_to":"250","_pl_sections_0_items_0_price_to":"field_6595353f3f38c","pl_sections_0_items_1_heading":"Wizyta + USG","_pl_sections_0_items_1_heading":"field_65841f13045d8","pl_sections_0_items_1_subheading":"","_pl_sections_0_items_1_subheading":"field_65841f1d045d9","pl_sections_0_items_1_price_from":"","_pl_sections_0_items_1_price_from":"field_65841f27045da","pl_sections_0_items_1_price_to":"300","_pl_sections_0_items_1_price_to":"field_6595353f3f38c","pl_sections_0_items":2,"_pl_sections_0_items":"field_65841f07045d7","pl_sections":1,"_pl_sections":"field_65841eca045d5","pl_section_id":"","_pl_section_id":"field_65845b8690335"},"mode":"edit"},"innerBlocks":[],"innerHTML":"","innerContent":[]}],"meta_data":{"container":""},"_links":{"self":[{"href":"https:\/\/nzozrodzina.pl\/index.php\/wp-json\/wp\/v2\/pages\/1648","targetHints":{"allow":["GET"]}}],"collection":[{"href":"https:\/\/nzozrodzina.pl\/index.php\/wp-json\/wp\/v2\/pages"}],"about":[{"href":"https:\/\/nzozrodzina.pl\/index.php\/wp-json\/wp\/v2\/types\/page"}],"author":[{"embeddable":true,"href":"https:\/\/nzozrodzina.pl\/index.php\/wp-json\/wp\/v2\/users\/1"}],"replies":[{"embeddable":true,"href":"https:\/\/nzozrodzina.pl\/index.php\/wp-json\/wp\/v2\/comments?post=1648"}],"version-history":[{"count":8,"href":"https:\/\/nzozrodzina.pl\/index.php\/wp-json\/wp\/v2\/pages\/1648\/revisions"}],"predecessor-version":[{"id":4483,"href":"https:\/\/nzozrodzina.pl\/index.php\/wp-json\/wp\/v2\/pages\/1648\/revisions\/4483"}],"up":[{"embeddable":true,"href":"https:\/\/nzozrodzina.pl\/index.php\/wp-json\/wp\/v2\/pages\/619"}],"wp:featuredmedia":[{"embeddable":true,"href":"https:\/\/nzozrodzina.pl\/index.php\/wp-json\/wp\/v2\/media\/1556"}],"wp:attachment":[{"href":"https:\/\/nzozrodzina.pl\/index.php\/wp-json\/wp\/v2\/media?parent=1648"}],"curies":[{"name":"wp","href":"https:\/\/api.w.org\/{rel}","templated":true}]}}